{"id":1977,"date":"2016-06-10T18:21:35","date_gmt":"2016-06-10T18:21:35","guid":{"rendered":"http:\/\/demo.goodlayers.com\/infinite\/?page_id=1977"},"modified":"2025-03-26T10:20:40","modified_gmt":"2025-03-26T14:20:40","slug":"contact-electric-motor-coil-company","status":"publish","type":"page","link":"https:\/\/www.emccltd.ca\/de\/contact-electric-motor-coil-company\/","title":{"rendered":"Kontakt Die Firma Electric Motor Coil"},"content":{"rendered":"<div data-elementor-type=\"wp-page\" data-elementor-id=\"1977\" class=\"elementor elementor-1977\" data-elementor-post-type=\"page\">\n\t\t\t\t\t\t<section class=\"elementor-section elementor-top-section elementor-element elementor-element-4073297a elementor-section-full_width elementor-section-height-default elementor-section-height-default\" data-id=\"4073297a\" data-element_type=\"section\">\n\t\t\t\t\t\t<div class=\"elementor-container elementor-column-gap-no\">\n\t\t\t\t\t<div class=\"elementor-column elementor-col-100 elementor-top-column elementor-element elementor-element-5cb467de\" data-id=\"5cb467de\" data-element_type=\"column\">\n\t\t\t<div class=\"elementor-widget-wrap elementor-element-populated\">\n\t\t\t\t\t\t<div class=\"elementor-element elementor-element-633a7c1c elementor--h-position-center elementor--v-position-middle elementor-arrows-position-inside elementor-pagination-position-inside elementor-widget elementor-widget-slides\" data-id=\"633a7c1c\" data-element_type=\"widget\" data-settings=\"{&quot;navigation&quot;:&quot;both&quot;,&quot;autoplay&quot;:&quot;yes&quot;,&quot;pause_on_hover&quot;:&quot;yes&quot;,&quot;pause_on_interaction&quot;:&quot;yes&quot;,&quot;autoplay_speed&quot;:5000,&quot;infinite&quot;:&quot;yes&quot;,&quot;transition&quot;:&quot;slide&quot;,&quot;transition_speed&quot;:500}\" data-widget_type=\"slides.default\">\n\t\t\t\t<div class=\"elementor-widget-container\">\n\t\t\t\t\t\t\t\t\t<div class=\"elementor-swiper\">\n\t\t\t\t\t<div class=\"elementor-slides-wrapper elementor-main-swiper swiper\" role=\"region\" aria-roledescription=\"carousel\" aria-label=\"Slides\" dir=\"ltr\" data-animation=\"fadeInUp\">\n\t\t\t\t<div class=\"swiper-wrapper elementor-slides\">\n\t\t\t\t\t\t\t\t\t\t<div class=\"elementor-repeater-item-d82fcd0 swiper-slide\" role=\"group\" aria-roledescription=\"slide\"><div class=\"swiper-slide-bg\" role=\"img\"><\/div><div class=\"elementor-background-overlay\"><\/div><div class=\"swiper-slide-inner\" ><div class=\"swiper-slide-contents\"><\/div><\/div><\/div>\t\t\t\t<\/div>\n\t\t\t\t\t\t\t<\/div>\n\t\t\t\t<\/div>\n\t\t\t\t\t\t\t\t<\/div>\n\t\t\t\t<\/div>\n\t\t\t\t\t<\/div>\n\t\t<\/div>\n\t\t\t\t\t<\/div>\n\t\t<\/section>\n\t\t\t\t<section class=\"elementor-section elementor-top-section elementor-element elementor-element-1c3d054 elementor-section-boxed elementor-section-height-default elementor-section-height-default\" data-id=\"1c3d054\" data-element_type=\"section\" data-settings=\"{&quot;background_background&quot;:&quot;classic&quot;}\">\n\t\t\t\t\t\t<div class=\"elementor-container elementor-column-gap-default\">\n\t\t\t\t\t<div class=\"elementor-column elementor-col-100 elementor-top-column elementor-element elementor-element-cbfdd20\" data-id=\"cbfdd20\" data-element_type=\"column\">\n\t\t\t<div class=\"elementor-widget-wrap elementor-element-populated\">\n\t\t\t\t\t\t<div class=\"elementor-element elementor-element-b29fd6c elementor-widget elementor-widget-breadcrumbs\" data-id=\"b29fd6c\" data-element_type=\"widget\" data-widget_type=\"breadcrumbs.default\">\n\t\t\t\t<div class=\"elementor-widget-container\">\n\t\t\t\t\t<p id=\"breadcrumbs\"><span><span><a href=\"https:\/\/www.emccltd.ca\/de\/\">Heim<\/a><\/span><\/span><\/p>\t\t\t\t<\/div>\n\t\t\t\t<\/div>\n\t\t\t\t\t<\/div>\n\t\t<\/div>\n\t\t\t\t\t<\/div>\n\t\t<\/section>\n\t\t\t\t<section class=\"elementor-section elementor-top-section elementor-element elementor-element-31b3388 elementor-section-boxed elementor-section-height-default elementor-section-height-default\" data-id=\"31b3388\" data-element_type=\"section\">\n\t\t\t\t\t\t<div class=\"elementor-container elementor-column-gap-default\">\n\t\t\t\t\t<div class=\"elementor-column elementor-col-50 elementor-top-column elementor-element elementor-element-865a55d\" data-id=\"865a55d\" data-element_type=\"column\">\n\t\t\t<div class=\"elementor-widget-wrap elementor-element-populated\">\n\t\t\t\t\t\t<div class=\"elementor-element elementor-element-12a9fa8 elementor-widget elementor-widget-heading\" data-id=\"12a9fa8\" data-element_type=\"widget\" data-widget_type=\"heading.default\">\n\t\t\t\t<div class=\"elementor-widget-container\">\n\t\t\t\t\t<h1 class=\"elementor-heading-title elementor-size-default\">Kontakt EMCC<\/h1>\t\t\t\t<\/div>\n\t\t\t\t<\/div>\n\t\t\t\t<div class=\"elementor-element elementor-element-bef6d7d elementor-widget elementor-widget-text-editor\" data-id=\"bef6d7d\" data-element_type=\"widget\" data-widget_type=\"text-editor.default\">\n\t\t\t\t<div class=\"elementor-widget-container\">\n\t\t\t\t\t\t\t\t\t<p>Eine Frage haben? Auf der Suche nach einem Kostenvoranschlag? Notdienst ben\u00f6tigen? Rufen Sie uns an, nutzen Sie unsere Online-Formulare f\u00fcr Produktangebote oder f\u00fcllen Sie das unten stehende allgemeine Anfrageformular aus.\u00a0<\/p>\t\t\t\t\t\t\t\t<\/div>\n\t\t\t\t<\/div>\n\t\t\t\t<div class=\"elementor-element elementor-element-84e51de elementor-widget elementor-widget-text-editor\" data-id=\"84e51de\" data-element_type=\"widget\" data-widget_type=\"text-editor.default\">\n\t\t\t\t<div class=\"elementor-widget-container\">\n\t\t\t\t\t\t\t\t\t<h2 style=\"text-align: left;\"><span style=\"color: #000000;\"><strong>Kontakt Formular<\/strong><\/span><\/h2><p>Anfragen werden an die zust\u00e4ndige Serviceabteilung weitergeleitet. Wir werden Ihnen so schnell wie m\u00f6glich antworten. In der Regel innerhalb von 24 Stunden. Sollten Sie aus irgendeinem Grund innerhalb von 24 Stunden keine Antwort erhalten \u2013 rufen Sie bitte an.<\/p>\t\t\t\t\t\t\t\t<\/div>\n\t\t\t\t<\/div>\n\t\t\t\t<div class=\"elementor-element elementor-element-f22f041 elementor-widget elementor-widget-text-editor\" data-id=\"f22f041\" data-element_type=\"widget\" data-widget_type=\"text-editor.default\">\n\t\t\t\t<div class=\"elementor-widget-container\">\n\t\t\t\t\t\t\t\t\t<p>\n<div class=\"wpcf7 no-js\" id=\"wpcf7-f1979-o1\" lang=\"en-US\" dir=\"ltr\" data-wpcf7-id=\"1979\">\n<div class=\"screen-reader-response\"><p role=\"status\" aria-live=\"polite\" aria-atomic=\"true\"><\/p> <ul><\/ul><\/div>\n<form action=\"\/de\/wp-json\/wp\/v2\/pages\/1977#wpcf7-f1979-o1\" method=\"post\" class=\"wpcf7-form init\" aria-label=\"Contact form\" novalidate=\"novalidate\" data-status=\"init\" data-trp-original-action=\"\/de\/wp-json\/wp\/v2\/pages\/1977#wpcf7-f1979-o1\">\n<fieldset class=\"hidden-fields-container\"><input type=\"hidden\" name=\"_wpcf7\" value=\"1979\" \/><input type=\"hidden\" name=\"_wpcf7_version\" value=\"6.1.5\" \/><input type=\"hidden\" name=\"_wpcf7_locale\" value=\"en_US\" \/><input type=\"hidden\" name=\"_wpcf7_unit_tag\" value=\"wpcf7-f1979-o1\" \/><input type=\"hidden\" name=\"_wpcf7_container_post\" value=\"0\" \/><input type=\"hidden\" name=\"_wpcf7_posted_data_hash\" value=\"\" \/>\n<\/fieldset>\n<div class=\"gdlr-core-input-wrap gdlr-core-large gdlr-core-full-width gdlr-core-with-column gdlr-core-no-border\" >\n\t<div class=\"gdlr-core-column-60\">\n\t\t<p><span class=\"wpcf7-form-control-wrap\" data-name=\"your-name\"><input size=\"40\" maxlength=\"400\" class=\"wpcf7-form-control wpcf7-text wpcf7-validates-as-required\" aria-required=\"true\" aria-invalid=\"false\" placeholder=\"Full Name*\" value=\"\" type=\"text\" name=\"your-name\" \/><\/span>\n\t\t<\/p>\n\t<\/div>\n\t<div class=\"clear\">\n\t<\/div>\n\t<div class=\"gdlr-core-column-60\">\n\t\t<p><span class=\"wpcf7-form-control-wrap\" data-name=\"your-email\"><input size=\"40\" maxlength=\"400\" class=\"wpcf7-form-control wpcf7-email wpcf7-validates-as-required wpcf7-text wpcf7-validates-as-email\" aria-required=\"true\" aria-invalid=\"false\" placeholder=\"Email*\" value=\"\" type=\"email\" name=\"your-email\" \/><\/span>\n\t\t<\/p>\n\t<\/div>\n\t<div class=\"clear\">\n\t<\/div>\n\t<div class=\"gdlr-core-column-60\">\n\t\t<p><span class=\"wpcf7-form-control-wrap\" data-name=\"your-subject\"><input size=\"40\" maxlength=\"400\" class=\"wpcf7-form-control wpcf7-text wpcf7-validates-as-required\" aria-required=\"true\" aria-invalid=\"false\" placeholder=\"Subject*\" value=\"\" type=\"text\" name=\"your-subject\" \/><\/span>\n\t\t<\/p>\n\t<\/div>\n\t<div class=\"clear\">\n\t<\/div>\n\t<div class=\"gdlr-core-column-60\">\n\t\t<p><span class=\"wpcf7-form-control-wrap\" data-name=\"your-message\"><textarea cols=\"40\" rows=\"10\" maxlength=\"2000\" class=\"wpcf7-form-control wpcf7-textarea wpcf7-validates-as-required\" aria-required=\"true\" aria-invalid=\"false\" placeholder=\"Message*\" name=\"your-message\"><\/textarea><\/span>\n\t\t<\/p>\n\t<\/div>\n\t<div class=\"gdlr-core-column-60 gdlr-core-left-align\">\n\t\t<p><input class=\"wpcf7-form-control wpcf7-submit has-spinner gdlr-core-large\" type=\"submit\" value=\"Submit Now\" \/>\n\t\t<\/p>\n\t<\/div>\n<\/div><div class=\"wpcf7-response-output\" aria-hidden=\"true\"><\/div>\n<input type=\"hidden\" name=\"trp-form-language\" value=\"de\"\/><\/form>\n<\/div>\n<\/p>\t\t\t\t\t\t\t\t<\/div>\n\t\t\t\t<\/div>\n\t\t\t\t\t<\/div>\n\t\t<\/div>\n\t\t\t\t<div class=\"elementor-column elementor-col-50 elementor-top-column elementor-element elementor-element-d06276c\" data-id=\"d06276c\" data-element_type=\"column\">\n\t\t\t<div class=\"elementor-widget-wrap elementor-element-populated\">\n\t\t\t\t\t\t<div class=\"elementor-element elementor-element-8aab017 elementor-widget elementor-widget-heading\" data-id=\"8aab017\" data-element_type=\"widget\" data-widget_type=\"heading.default\">\n\t\t\t\t<div class=\"elementor-widget-container\">\n\t\t\t\t\t<h3 class=\"elementor-heading-title elementor-size-default\">Ort<\/h3>\t\t\t\t<\/div>\n\t\t\t\t<\/div>\n\t\t\t\t<div class=\"elementor-element elementor-element-182def3 elementor-widget elementor-widget-text-editor\" data-id=\"182def3\" data-element_type=\"widget\" data-widget_type=\"text-editor.default\">\n\t\t\t\t<div class=\"elementor-widget-container\">\n\t\t\t\t\t\t\t\t\t<p><strong>Die Anschrift\u00a0<\/strong><\/p><p>191 Saunders Rd, Barrie, Ontario Canada<\/p><p><strong>\u00d6ffnungszeiten<\/strong><\/p><p>Montag \u2013 Freitag 9-19 Uhr<\/p><p><strong>Telefonnummer<\/strong><\/p><p>+1 (705) 735-0111<\/p>\t\t\t\t\t\t\t\t<\/div>\n\t\t\t\t<\/div>\n\t\t\t\t<div class=\"elementor-element elementor-element-d9c4159 elementor-widget elementor-widget-heading\" data-id=\"d9c4159\" data-element_type=\"widget\" data-widget_type=\"heading.default\">\n\t\t\t\t<div class=\"elementor-widget-container\">\n\t\t\t\t\t<h2 class=\"elementor-heading-title elementor-size-default\">Service-Unterst\u00fctzung 24\/7<\/h2>\t\t\t\t<\/div>\n\t\t\t\t<\/div>\n\t\t\t\t<div class=\"elementor-element elementor-element-5ef6932 elementor-widget elementor-widget-image\" data-id=\"5ef6932\" data-element_type=\"widget\" data-widget_type=\"image.default\">\n\t\t\t\t<div class=\"elementor-widget-container\">\n\t\t\t\t\t\t\t\t\t\t\t\t\t\t\t<img decoding=\"async\" src=\"https:\/\/www.emccltd.ca\/wp-content\/uploads\/2021\/05\/thumbnail_IMG_5292-2.jpg\" title=\"thumbnail_IMG_5292-2\" alt=\"thumbnail_IMG_5292-2\" loading=\"lazy\" \/>\t\t\t\t\t\t\t\t\t\t\t\t\t\t\t<\/div>\n\t\t\t\t<\/div>\n\t\t\t\t<div class=\"elementor-element elementor-element-1533a05 elementor-widget elementor-widget-google_maps\" data-id=\"1533a05\" data-element_type=\"widget\" data-widget_type=\"google_maps.default\">\n\t\t\t\t<div class=\"elementor-widget-container\">\n\t\t\t\t\t\t\t<div class=\"elementor-custom-embed\">\n\t\t\t<iframe loading=\"lazy\"\n\t\t\t\t\tsrc=\"https:\/\/maps.google.com\/maps?q=Electric%20Motor%20Coil%20Company&#038;t=m&#038;z=10&#038;output=embed&#038;iwloc=near\"\n\t\t\t\t\ttitle=\"Die Firma Electric Motor Coil\"\n\t\t\t\t\taria-label=\"Die Firma Electric Motor Coil\"\n\t\t\t><\/iframe>\n\t\t<\/div>\n\t\t\t\t\t\t<\/div>\n\t\t\t\t<\/div>\n\t\t\t\t\t<\/div>\n\t\t<\/div>\n\t\t\t\t\t<\/div>\n\t\t<\/section>\n\t\t\t\t<section class=\"elementor-section elementor-top-section elementor-element elementor-element-6772d43 elementor-section-boxed elementor-section-height-default elementor-section-height-default\" data-id=\"6772d43\" data-element_type=\"section\">\n\t\t\t\t\t\t<div class=\"elementor-container elementor-column-gap-default\">\n\t\t\t\t\t\t<\/div>\n\t\t<\/section>\n\t\t\t\t<\/div>","protected":false},"excerpt":{"rendered":"<p>Contact EMCC Have a question? Looking for an estimate? Require emergency service? Please give us a call, use our online product quote forms, or fill out the general inquiry form below.\u00a0 Contact Form Inquires will be assigned to the responsible service department. We will respond to you as soon as possible. Usually within 24 hours.&hellip;<\/p>","protected":false},"author":1,"featured_media":0,"parent":0,"menu_order":0,"comment_status":"closed","ping_status":"closed","template":"","meta":{"footnotes":""},"class_list":["post-1977","page","type-page","status-publish","hentry"],"yoast_head":"<!-- This site is optimized with the Yoast SEO plugin v27.5 - https:\/\/yoast.com\/product\/yoast-seo-wordpress\/ -->\n<title>Contact Information | EMCC | - Electric Motor Coil Company<\/title>\n<meta name=\"description\" content=\"Contact The Electric Motor Coil Company | EMCC . Have a question? Looking for an estimate? Require emergency service? Please give us a call.\" \/>\n<meta name=\"robots\" content=\"index, follow, max-snippet:-1, max-image-preview:large, max-video-preview:-1\" \/>\n<link rel=\"canonical\" href=\"https:\/\/www.emccltd.ca\/de\/contact-electric-motor-coil-company\/\" \/>\n<meta property=\"og:locale\" content=\"de_DE\" \/>\n<meta property=\"og:type\" content=\"article\" \/>\n<meta property=\"og:title\" content=\"Contact Information | EMCC | - Electric Motor Coil Company\" \/>\n<meta property=\"og:description\" content=\"Contact The Electric Motor Coil Company | EMCC . Have a question? Looking for an estimate? Require emergency service? Please give us a call.\" \/>\n<meta property=\"og:url\" content=\"https:\/\/www.emccltd.ca\/de\/contact-electric-motor-coil-company\/\" \/>\n<meta property=\"og:site_name\" content=\"Electric Motor Coil Company\" \/>\n<meta property=\"article:modified_time\" content=\"2025-03-26T14:20:40+00:00\" \/>\n<meta property=\"og:image\" content=\"https:\/\/www.emccltd.ca\/wp-content\/uploads\/2021\/05\/thumbnail_IMG_5292-2.jpg\" \/>\n<meta name=\"twitter:card\" content=\"summary_large_image\" \/>\n<meta name=\"twitter:label1\" content=\"Gesch\u00e4tzte Lesezeit\" \/>\n\t<meta name=\"twitter:data1\" content=\"1\u00a0Minute\" \/>\n<script type=\"application\/ld+json\" class=\"yoast-schema-graph\">{\"@context\":\"https:\\\/\\\/schema.org\",\"@graph\":[{\"@type\":\"WebPage\",\"@id\":\"https:\\\/\\\/www.emccltd.ca\\\/contact-electric-motor-coil-company\\\/\",\"url\":\"https:\\\/\\\/www.emccltd.ca\\\/contact-electric-motor-coil-company\\\/\",\"name\":\"Contact Information | EMCC | - Electric Motor Coil Company\",\"isPartOf\":{\"@id\":\"https:\\\/\\\/www.emccltd.ca\\\/#website\"},\"primaryImageOfPage\":{\"@id\":\"https:\\\/\\\/www.emccltd.ca\\\/contact-electric-motor-coil-company\\\/#primaryimage\"},\"image\":{\"@id\":\"https:\\\/\\\/www.emccltd.ca\\\/contact-electric-motor-coil-company\\\/#primaryimage\"},\"thumbnailUrl\":\"https:\\\/\\\/www.emccltd.ca\\\/wp-content\\\/uploads\\\/2021\\\/05\\\/thumbnail_IMG_5292-2.jpg\",\"datePublished\":\"2016-06-10T18:21:35+00:00\",\"dateModified\":\"2025-03-26T14:20:40+00:00\",\"description\":\"Contact The Electric Motor Coil Company | EMCC . Have a question? Looking for an estimate? Require emergency service? Please give us a call.\",\"breadcrumb\":{\"@id\":\"https:\\\/\\\/www.emccltd.ca\\\/contact-electric-motor-coil-company\\\/#breadcrumb\"},\"inLanguage\":\"de\",\"potentialAction\":[{\"@type\":\"ReadAction\",\"target\":[\"https:\\\/\\\/www.emccltd.ca\\\/contact-electric-motor-coil-company\\\/\"]}]},{\"@type\":\"ImageObject\",\"inLanguage\":\"de\",\"@id\":\"https:\\\/\\\/www.emccltd.ca\\\/contact-electric-motor-coil-company\\\/#primaryimage\",\"url\":\"https:\\\/\\\/www.emccltd.ca\\\/wp-content\\\/uploads\\\/2021\\\/05\\\/thumbnail_IMG_5292-2.jpg\",\"contentUrl\":\"https:\\\/\\\/www.emccltd.ca\\\/wp-content\\\/uploads\\\/2021\\\/05\\\/thumbnail_IMG_5292-2.jpg\"},{\"@type\":\"BreadcrumbList\",\"@id\":\"https:\\\/\\\/www.emccltd.ca\\\/contact-electric-motor-coil-company\\\/#breadcrumb\",\"itemListElement\":[{\"@type\":\"ListItem\",\"position\":1,\"name\":\"Home\",\"item\":\"https:\\\/\\\/www.emccltd.ca\\\/\"},{\"@type\":\"ListItem\",\"position\":2,\"name\":\"Contact Electric Motor Coil Company\"}]},{\"@type\":\"WebSite\",\"@id\":\"https:\\\/\\\/www.emccltd.ca\\\/#website\",\"url\":\"https:\\\/\\\/www.emccltd.ca\\\/\",\"name\":\"Electric Motor Coil Company\",\"description\":\"Built for Winders\",\"publisher\":{\"@id\":\"https:\\\/\\\/www.emccltd.ca\\\/#organization\"},\"potentialAction\":[{\"@type\":\"SearchAction\",\"target\":{\"@type\":\"EntryPoint\",\"urlTemplate\":\"https:\\\/\\\/www.emccltd.ca\\\/?s={search_term_string}\"},\"query-input\":{\"@type\":\"PropertyValueSpecification\",\"valueRequired\":true,\"valueName\":\"search_term_string\"}}],\"inLanguage\":\"de\"},{\"@type\":\"Organization\",\"@id\":\"https:\\\/\\\/www.emccltd.ca\\\/#organization\",\"name\":\"Electric Motor Coil Company\",\"url\":\"https:\\\/\\\/www.emccltd.ca\\\/\",\"logo\":{\"@type\":\"ImageObject\",\"inLanguage\":\"de\",\"@id\":\"https:\\\/\\\/www.emccltd.ca\\\/#\\\/schema\\\/logo\\\/image\\\/\",\"url\":\"https:\\\/\\\/dev.emccltd.ca\\\/wp-content\\\/uploads\\\/2019\\\/10\\\/EMCC_Logo.png\",\"contentUrl\":\"https:\\\/\\\/dev.emccltd.ca\\\/wp-content\\\/uploads\\\/2019\\\/10\\\/EMCC_Logo.png\",\"width\":552,\"height\":267,\"caption\":\"Electric Motor Coil Company\"},\"image\":{\"@id\":\"https:\\\/\\\/www.emccltd.ca\\\/#\\\/schema\\\/logo\\\/image\\\/\"},\"sameAs\":[\"https:\\\/\\\/www.linkedin.com\\\/company\\\/emccltd\"]}]}<\/script>\n<!-- \/ Yoast SEO plugin. -->","yoast_head_json":{"title":"Contact Information | EMCC | - Electric Motor Coil Company","description":"Contact The Electric Motor Coil Company | EMCC . Have a question? Looking for an estimate? Require emergency service? Please give us a call.","robots":{"index":"index","follow":"follow","max-snippet":"max-snippet:-1","max-image-preview":"max-image-preview:large","max-video-preview":"max-video-preview:-1"},"canonical":"https:\/\/www.emccltd.ca\/de\/contact-electric-motor-coil-company\/","og_locale":"de_DE","og_type":"article","og_title":"Contact Information | EMCC | - Electric Motor Coil Company","og_description":"Contact The Electric Motor Coil Company | EMCC . Have a question? Looking for an estimate? Require emergency service? Please give us a call.","og_url":"https:\/\/www.emccltd.ca\/de\/contact-electric-motor-coil-company\/","og_site_name":"Electric Motor Coil Company","article_modified_time":"2025-03-26T14:20:40+00:00","og_image":[{"url":"https:\/\/www.emccltd.ca\/wp-content\/uploads\/2021\/05\/thumbnail_IMG_5292-2.jpg","type":"","width":"","height":""}],"twitter_card":"summary_large_image","twitter_misc":{"Gesch\u00e4tzte Lesezeit":"1\u00a0Minute"},"schema":{"@context":"https:\/\/schema.org","@graph":[{"@type":"WebPage","@id":"https:\/\/www.emccltd.ca\/contact-electric-motor-coil-company\/","url":"https:\/\/www.emccltd.ca\/contact-electric-motor-coil-company\/","name":"Contact Information | EMCC | - Electric Motor Coil Company","isPartOf":{"@id":"https:\/\/www.emccltd.ca\/#website"},"primaryImageOfPage":{"@id":"https:\/\/www.emccltd.ca\/contact-electric-motor-coil-company\/#primaryimage"},"image":{"@id":"https:\/\/www.emccltd.ca\/contact-electric-motor-coil-company\/#primaryimage"},"thumbnailUrl":"https:\/\/www.emccltd.ca\/wp-content\/uploads\/2021\/05\/thumbnail_IMG_5292-2.jpg","datePublished":"2016-06-10T18:21:35+00:00","dateModified":"2025-03-26T14:20:40+00:00","description":"Contact The Electric Motor Coil Company | EMCC . Have a question? Looking for an estimate? Require emergency service? Please give us a call.","breadcrumb":{"@id":"https:\/\/www.emccltd.ca\/contact-electric-motor-coil-company\/#breadcrumb"},"inLanguage":"de","potentialAction":[{"@type":"ReadAction","target":["https:\/\/www.emccltd.ca\/contact-electric-motor-coil-company\/"]}]},{"@type":"ImageObject","inLanguage":"de","@id":"https:\/\/www.emccltd.ca\/contact-electric-motor-coil-company\/#primaryimage","url":"https:\/\/www.emccltd.ca\/wp-content\/uploads\/2021\/05\/thumbnail_IMG_5292-2.jpg","contentUrl":"https:\/\/www.emccltd.ca\/wp-content\/uploads\/2021\/05\/thumbnail_IMG_5292-2.jpg"},{"@type":"BreadcrumbList","@id":"https:\/\/www.emccltd.ca\/contact-electric-motor-coil-company\/#breadcrumb","itemListElement":[{"@type":"ListItem","position":1,"name":"Home","item":"https:\/\/www.emccltd.ca\/"},{"@type":"ListItem","position":2,"name":"Contact Electric Motor Coil Company"}]},{"@type":"WebSite","@id":"https:\/\/www.emccltd.ca\/#website","url":"https:\/\/www.emccltd.ca\/","name":"Electric Motor Coil Company","description":"Built for Winders","publisher":{"@id":"https:\/\/www.emccltd.ca\/#organization"},"potentialAction":[{"@type":"SearchAction","target":{"@type":"EntryPoint","urlTemplate":"https:\/\/www.emccltd.ca\/?s={search_term_string}"},"query-input":{"@type":"PropertyValueSpecification","valueRequired":true,"valueName":"search_term_string"}}],"inLanguage":"de"},{"@type":"Organization","@id":"https:\/\/www.emccltd.ca\/#organization","name":"Electric Motor Coil Company","url":"https:\/\/www.emccltd.ca\/","logo":{"@type":"ImageObject","inLanguage":"de","@id":"https:\/\/www.emccltd.ca\/#\/schema\/logo\/image\/","url":"https:\/\/dev.emccltd.ca\/wp-content\/uploads\/2019\/10\/EMCC_Logo.png","contentUrl":"https:\/\/dev.emccltd.ca\/wp-content\/uploads\/2019\/10\/EMCC_Logo.png","width":552,"height":267,"caption":"Electric Motor Coil Company"},"image":{"@id":"https:\/\/www.emccltd.ca\/#\/schema\/logo\/image\/"},"sameAs":["https:\/\/www.linkedin.com\/company\/emccltd"]}]}},"_links":{"self":[{"href":"https:\/\/www.emccltd.ca\/de\/wp-json\/wp\/v2\/pages\/1977","targetHints":{"allow":["GET"]}}],"collection":[{"href":"https:\/\/www.emccltd.ca\/de\/wp-json\/wp\/v2\/pages"}],"about":[{"href":"https:\/\/www.emccltd.ca\/de\/wp-json\/wp\/v2\/types\/page"}],"author":[{"embeddable":true,"href":"https:\/\/www.emccltd.ca\/de\/wp-json\/wp\/v2\/users\/1"}],"replies":[{"embeddable":true,"href":"https:\/\/www.emccltd.ca\/de\/wp-json\/wp\/v2\/comments?post=1977"}],"version-history":[{"count":21,"href":"https:\/\/www.emccltd.ca\/de\/wp-json\/wp\/v2\/pages\/1977\/revisions"}],"predecessor-version":[{"id":18106,"href":"https:\/\/www.emccltd.ca\/de\/wp-json\/wp\/v2\/pages\/1977\/revisions\/18106"}],"wp:attachment":[{"href":"https:\/\/www.emccltd.ca\/de\/wp-json\/wp\/v2\/media?parent=1977"}],"curies":[{"name":"wp","href":"https:\/\/api.w.org\/{rel}","templated":true}]}}