{"id":6503,"date":"2019-10-01T10:38:23","date_gmt":"2019-10-01T14:38:23","guid":{"rendered":"https:\/\/www.emccltd.ca\/?page_id=6503"},"modified":"2021-09-14T13:21:09","modified_gmt":"2021-09-14T17:21:09","slug":"linear-induction-coil-manufacturer","status":"publish","type":"page","link":"https:\/\/www.emccltd.ca\/de\/linear-induction-coil-manufacturer\/","title":{"rendered":"Hersteller von Linearinduktionsspulen"},"content":{"rendered":"<div data-elementor-type=\"wp-page\" data-elementor-id=\"6503\" class=\"elementor elementor-6503\" data-elementor-post-type=\"page\">\n\t\t\t\t\t\t<section class=\"elementor-section elementor-top-section elementor-element elementor-element-7521059d elementor-section-full_width elementor-section-height-default elementor-section-height-default\" data-id=\"7521059d\" data-element_type=\"section\">\n\t\t\t\t\t\t<div class=\"elementor-container elementor-column-gap-no\">\n\t\t\t\t\t<div class=\"elementor-column elementor-col-100 elementor-top-column elementor-element elementor-element-14ca3441\" data-id=\"14ca3441\" data-element_type=\"column\">\n\t\t\t<div class=\"elementor-widget-wrap elementor-element-populated\">\n\t\t\t\t\t\t<div class=\"elementor-element elementor-element-3f6b5e68 elementor--h-position-center elementor--v-position-middle elementor-arrows-position-inside elementor-pagination-position-inside elementor-widget elementor-widget-slides\" data-id=\"3f6b5e68\" data-element_type=\"widget\" data-settings=\"{&quot;navigation&quot;:&quot;both&quot;,&quot;autoplay&quot;:&quot;yes&quot;,&quot;pause_on_hover&quot;:&quot;yes&quot;,&quot;pause_on_interaction&quot;:&quot;yes&quot;,&quot;autoplay_speed&quot;:5000,&quot;infinite&quot;:&quot;yes&quot;,&quot;transition&quot;:&quot;slide&quot;,&quot;transition_speed&quot;:500}\" data-widget_type=\"slides.default\">\n\t\t\t\t<div class=\"elementor-widget-container\">\n\t\t\t\t\t\t\t\t\t<div class=\"elementor-swiper\">\n\t\t\t\t\t<div class=\"elementor-slides-wrapper elementor-main-swiper swiper\" role=\"region\" aria-roledescription=\"carousel\" aria-label=\"Slider\" dir=\"ltr\" data-animation=\"fadeInUp\">\n\t\t\t\t<div class=\"swiper-wrapper elementor-slides\">\n\t\t\t\t\t\t\t\t\t\t<div class=\"elementor-repeater-item-d82fcd0 swiper-slide\" role=\"group\" aria-roledescription=\"slide\"><div class=\"swiper-slide-bg\" role=\"img\"><\/div><div class=\"elementor-background-overlay\"><\/div><div class=\"swiper-slide-inner\" ><div class=\"swiper-slide-contents\"><\/div><\/div><\/div>\t\t\t\t<\/div>\n\t\t\t\t\t\t\t<\/div>\n\t\t\t\t<\/div>\n\t\t\t\t\t\t\t\t<\/div>\n\t\t\t\t<\/div>\n\t\t\t\t\t<\/div>\n\t\t<\/div>\n\t\t\t\t\t<\/div>\n\t\t<\/section>\n\t\t\t\t<section class=\"elementor-section elementor-top-section elementor-element elementor-element-55f6f90 elementor-section-boxed elementor-section-height-default elementor-section-height-default\" data-id=\"55f6f90\" data-element_type=\"section\" data-settings=\"{&quot;background_background&quot;:&quot;classic&quot;}\">\n\t\t\t\t\t\t<div class=\"elementor-container elementor-column-gap-default\">\n\t\t\t\t\t<div class=\"elementor-column elementor-col-100 elementor-top-column elementor-element elementor-element-047014b\" data-id=\"047014b\" data-element_type=\"column\">\n\t\t\t<div class=\"elementor-widget-wrap elementor-element-populated\">\n\t\t\t\t\t\t<div class=\"elementor-element elementor-element-3861bed elementor-widget elementor-widget-breadcrumbs\" data-id=\"3861bed\" data-element_type=\"widget\" data-widget_type=\"breadcrumbs.default\">\n\t\t\t\t<div class=\"elementor-widget-container\">\n\t\t\t\t\t<p id=\"breadcrumbs\"><span><span><a href=\"https:\/\/www.emccltd.ca\/de\/\">Heim<\/a><\/span><\/span><\/p>\t\t\t\t<\/div>\n\t\t\t\t<\/div>\n\t\t\t\t\t<\/div>\n\t\t<\/div>\n\t\t\t\t\t<\/div>\n\t\t<\/section>\n\t\t\t\t<section class=\"elementor-section elementor-top-section elementor-element elementor-element-59c06dc1 elementor-section-boxed elementor-section-height-default elementor-section-height-default\" data-id=\"59c06dc1\" data-element_type=\"section\">\n\t\t\t\t\t\t<div class=\"elementor-container elementor-column-gap-default\">\n\t\t\t\t\t<div class=\"elementor-column elementor-col-50 elementor-top-column elementor-element elementor-element-53c76a71\" data-id=\"53c76a71\" data-element_type=\"column\">\n\t\t\t<div class=\"elementor-widget-wrap\">\n\t\t\t\t\t\t\t<\/div>\n\t\t<\/div>\n\t\t\t\t<div class=\"elementor-column elementor-col-100 elementor-top-column elementor-element elementor-element-746ddcd4\" data-id=\"746ddcd4\" data-element_type=\"column\">\n\t\t\t<div class=\"elementor-widget-wrap elementor-element-populated\">\n\t\t\t\t\t\t<div class=\"elementor-element elementor-element-2c8f3696 elementor-widget elementor-widget-heading\" data-id=\"2c8f3696\" data-element_type=\"widget\" data-widget_type=\"heading.default\">\n\t\t\t\t<div class=\"elementor-widget-container\">\n\t\t\t\t\t<h1 class=\"elementor-heading-title elementor-size-default\">Lineare Induktionsmotorspulen<\/h1>\t\t\t\t<\/div>\n\t\t\t\t<\/div>\n\t\t\t\t<div class=\"elementor-element elementor-element-9514d9e elementor-widget elementor-widget-heading\" data-id=\"9514d9e\" data-element_type=\"widget\" data-widget_type=\"heading.default\">\n\t\t\t\t<div class=\"elementor-widget-container\">\n\t\t\t\t\t<h2 class=\"elementor-heading-title elementor-size-default\"> Bessere Automatisierung, bessere Preise, bessere Motorspulen<\/h2>\t\t\t\t<\/div>\n\t\t\t\t<\/div>\n\t\t\t\t<div class=\"elementor-element elementor-element-b934e4d elementor-widget elementor-widget-text-editor\" data-id=\"b934e4d\" data-element_type=\"widget\" data-widget_type=\"text-editor.default\">\n\t\t\t\t<div class=\"elementor-widget-container\">\n\t\t\t\t\t\t\t\t\t<p>Unsere Erfahrung mit LIM-Spulen gibt uns ein tiefes Verst\u00e4ndnis daf\u00fcr, wo Probleme innerhalb dieser Technologie auftreten und wie sie gel\u00f6st werden k\u00f6nnen, bevor sie auftreten. Wenn Sie also ein Problem mit Ihrem System haben \u2013 rufen Sie uns an. Vielleicht haben wir bereits die L\u00f6sung, die Sie ben\u00f6tigen.<\/p><p>Unser automatisierter Coil-Herstellungsprozess erm\u00f6glicht es uns, Coil-Qualit\u00e4t und -Kosten zu liefern, die mit herk\u00f6mmlichen Produktionsmethoden nicht erreicht werden k\u00f6nnen.<\/p>\t\t\t\t\t\t\t\t<\/div>\n\t\t\t\t<\/div>\n\t\t\t\t<div class=\"elementor-element elementor-element-abd1d99 elementor-widget elementor-widget-heading\" data-id=\"abd1d99\" data-element_type=\"widget\" data-widget_type=\"heading.default\">\n\t\t\t\t<div class=\"elementor-widget-container\">\n\t\t\t\t\t<h2 class=\"elementor-heading-title elementor-size-default\">Spulenfunktionen<\/h2>\t\t\t\t<\/div>\n\t\t\t\t<\/div>\n\t\t\t\t<div class=\"elementor-element elementor-element-11168de3 elementor-widget elementor-widget-text-editor\" data-id=\"11168de3\" data-element_type=\"widget\" data-widget_type=\"text-editor.default\">\n\t\t\t\t<div class=\"elementor-widget-container\">\n\t\t\t\t\t\t\t\t\t<ul><li><span class=\"gdlr-core-icon-list-content\">Zur\u00fcck gewickelte LIM-Spulen<\/span><\/li><li><span class=\"gdlr-core-icon-list-content\">Transponierte LIM-Spulen<\/span><\/li><li><span class=\"gdlr-core-icon-list-content\">LIM-Spulen f\u00fcr Rapid Transit-Systeme<\/span><\/li><li><span class=\"gdlr-core-icon-list-content\">Lim-Spulen f\u00fcr Maglev-Antriebe<\/span><\/li><\/ul>\t\t\t\t\t\t\t\t<\/div>\n\t\t\t\t<\/div>\n\t\t\t\t\t<\/div>\n\t\t<\/div>\n\t\t\t\t<div class=\"elementor-column elementor-col-50 elementor-top-column elementor-element elementor-element-1f2cb59\" data-id=\"1f2cb59\" data-element_type=\"column\">\n\t\t\t<div class=\"elementor-widget-wrap elementor-element-populated\">\n\t\t\t\t\t\t<div class=\"elementor-element elementor-element-83e1300 elementor-widget elementor-widget-image\" data-id=\"83e1300\" data-element_type=\"widget\" data-widget_type=\"image.default\">\n\t\t\t\t<div class=\"elementor-widget-container\">\n\t\t\t\t\t\t\t\t\t\t\t\t\t\t\t<img fetchpriority=\"high\" decoding=\"async\" width=\"337\" height=\"339\" src=\"https:\/\/www.emccltd.ca\/wp-content\/uploads\/2019\/11\/LIM-Coils-.png\" class=\"attachment-large size-large wp-image-6620\" alt=\"Kinear u=Industion Coils For Maglev - Manufacturer\" srcset=\"https:\/\/www.emccltd.ca\/wp-content\/uploads\/2019\/11\/LIM-Coils-.png 337w, https:\/\/www.emccltd.ca\/wp-content\/uploads\/2019\/11\/LIM-Coils--150x150.png 150w, https:\/\/www.emccltd.ca\/wp-content\/uploads\/2019\/11\/LIM-Coils--298x300.png 298w\" sizes=\"(max-width: 337px) 100vw, 337px\" \/>\t\t\t\t\t\t\t\t\t\t\t\t\t\t\t<\/div>\n\t\t\t\t<\/div>\n\t\t\t\t\t<\/div>\n\t\t<\/div>\n\t\t\t\t\t<\/div>\n\t\t<\/section>\n\t\t\t\t<section class=\"elementor-section elementor-top-section elementor-element elementor-element-3ef484ce elementor-section-boxed elementor-section-height-default elementor-section-height-default\" data-id=\"3ef484ce\" data-element_type=\"section\" data-settings=\"{&quot;background_background&quot;:&quot;classic&quot;}\">\n\t\t\t\t\t\t<div class=\"elementor-container elementor-column-gap-default\">\n\t\t\t\t\t<div class=\"elementor-column elementor-col-100 elementor-top-column elementor-element elementor-element-470926ee\" data-id=\"470926ee\" data-element_type=\"column\">\n\t\t\t<div class=\"elementor-widget-wrap elementor-element-populated\">\n\t\t\t\t\t\t<div class=\"elementor-element elementor-element-65096a17 elementor-widget elementor-widget-heading\" data-id=\"65096a17\" data-element_type=\"widget\" data-widget_type=\"heading.default\">\n\t\t\t\t<div class=\"elementor-widget-container\">\n\t\t\t\t\t<h2 class=\"elementor-heading-title elementor-size-default\">Extensive Testing<\/h2>\t\t\t\t<\/div>\n\t\t\t\t<\/div>\n\t\t\t\t<div class=\"elementor-element elementor-element-388ce6cc elementor-widget elementor-widget-text-editor\" data-id=\"388ce6cc\" data-element_type=\"widget\" data-widget_type=\"text-editor.default\">\n\t\t\t\t<div class=\"elementor-widget-container\">\n\t\t\t\t\t\t\t\t\t<p><span style=\"color: #000000;\">EMCC ist nach ISO 9001:2015 registriert. EMCC unterzieht alle seine Linearinduktionsspulen umfangreichen Tests. Zuverl\u00e4ssige, qualitativ hochwertige und schnell gelieferte Motorspulen in Kombination mit einem aufmerksamen Service sind der Standard, den Sie erwarten k\u00f6nnen.<br \/><\/span><\/p>\t\t\t\t\t\t\t\t<\/div>\n\t\t\t\t<\/div>\n\t\t\t\t\t<\/div>\n\t\t<\/div>\n\t\t\t\t\t<\/div>\n\t\t<\/section>\n\t\t\t\t<\/div>","protected":false},"excerpt":{"rendered":"<p>Linear Induction Motor Coils (LIM) Better Automation, Better Pricing, Better Quality Coils. Our experience with LIM coils gives us an in-depth understanding of where problems occur within this technology and how to resolve them before they happen. Therefore, if you are having a problem with your system &#8211; give us a call. We may already&hellip;<\/p>","protected":false},"author":1,"featured_media":0,"parent":0,"menu_order":0,"comment_status":"closed","ping_status":"closed","template":"","meta":{"footnotes":""},"class_list":["post-6503","page","type-page","status-publish","hentry"],"yoast_head":"<!-- This site is optimized with the Yoast SEO plugin v27.5 - https:\/\/yoast.com\/product\/yoast-seo-wordpress\/ -->\n<title>Linear Induction Coil Manufacturer &amp; Supplier | Electric Motor Coil Co<\/title>\n<meta name=\"description\" content=\"Linear induction Coil Manufacturing. Supplier of Back Wound &amp; Transposed LIM Coils of highest level of quality, with competitive pricing.\" \/>\n<meta name=\"robots\" content=\"index, follow, max-snippet:-1, max-image-preview:large, max-video-preview:-1\" \/>\n<link rel=\"canonical\" href=\"https:\/\/www.emccltd.ca\/de\/linear-induction-coil-manufacturer\/\" \/>\n<meta property=\"og:locale\" content=\"de_DE\" \/>\n<meta property=\"og:type\" content=\"article\" \/>\n<meta property=\"og:title\" content=\"Linear Induction Coil Manufacturer &amp; Supplier | Electric Motor Coil Co\" \/>\n<meta property=\"og:description\" content=\"Linear induction Coil Manufacturing. Supplier of Back Wound &amp; Transposed LIM Coils of highest level of quality, with competitive pricing.\" \/>\n<meta property=\"og:url\" content=\"https:\/\/www.emccltd.ca\/de\/linear-induction-coil-manufacturer\/\" \/>\n<meta property=\"og:site_name\" content=\"Electric Motor Coil Company\" \/>\n<meta property=\"article:modified_time\" content=\"2021-09-14T17:21:09+00:00\" \/>\n<meta property=\"og:image\" content=\"https:\/\/www.emccltd.ca\/wp-content\/uploads\/2019\/11\/LIM-Coils-.png\" \/>\n<meta name=\"twitter:card\" content=\"summary_large_image\" \/>\n<meta name=\"twitter:label1\" content=\"Gesch\u00e4tzte Lesezeit\" \/>\n\t<meta name=\"twitter:data1\" content=\"1\u00a0Minute\" \/>\n<script type=\"application\/ld+json\" class=\"yoast-schema-graph\">{\"@context\":\"https:\\\/\\\/schema.org\",\"@graph\":[{\"@type\":\"WebPage\",\"@id\":\"https:\\\/\\\/www.emccltd.ca\\\/linear-induction-coil-manufacturer\\\/\",\"url\":\"https:\\\/\\\/www.emccltd.ca\\\/linear-induction-coil-manufacturer\\\/\",\"name\":\"Linear Induction Coil Manufacturer & Supplier | Electric Motor Coil Co\",\"isPartOf\":{\"@id\":\"https:\\\/\\\/www.emccltd.ca\\\/#website\"},\"primaryImageOfPage\":{\"@id\":\"https:\\\/\\\/www.emccltd.ca\\\/linear-induction-coil-manufacturer\\\/#primaryimage\"},\"image\":{\"@id\":\"https:\\\/\\\/www.emccltd.ca\\\/linear-induction-coil-manufacturer\\\/#primaryimage\"},\"thumbnailUrl\":\"https:\\\/\\\/www.emccltd.ca\\\/wp-content\\\/uploads\\\/2019\\\/11\\\/LIM-Coils-.png\",\"datePublished\":\"2019-10-01T14:38:23+00:00\",\"dateModified\":\"2021-09-14T17:21:09+00:00\",\"description\":\"Linear induction Coil Manufacturing. Supplier of Back Wound & Transposed LIM Coils of highest level of quality, with competitive pricing.\",\"breadcrumb\":{\"@id\":\"https:\\\/\\\/www.emccltd.ca\\\/linear-induction-coil-manufacturer\\\/#breadcrumb\"},\"inLanguage\":\"de\",\"potentialAction\":[{\"@type\":\"ReadAction\",\"target\":[\"https:\\\/\\\/www.emccltd.ca\\\/linear-induction-coil-manufacturer\\\/\"]}]},{\"@type\":\"ImageObject\",\"inLanguage\":\"de\",\"@id\":\"https:\\\/\\\/www.emccltd.ca\\\/linear-induction-coil-manufacturer\\\/#primaryimage\",\"url\":\"https:\\\/\\\/www.emccltd.ca\\\/wp-content\\\/uploads\\\/2019\\\/11\\\/LIM-Coils-.png\",\"contentUrl\":\"https:\\\/\\\/www.emccltd.ca\\\/wp-content\\\/uploads\\\/2019\\\/11\\\/LIM-Coils-.png\"},{\"@type\":\"BreadcrumbList\",\"@id\":\"https:\\\/\\\/www.emccltd.ca\\\/linear-induction-coil-manufacturer\\\/#breadcrumb\",\"itemListElement\":[{\"@type\":\"ListItem\",\"position\":1,\"name\":\"Home\",\"item\":\"https:\\\/\\\/www.emccltd.ca\\\/\"},{\"@type\":\"ListItem\",\"position\":2,\"name\":\"Linear Induction Coil Manufacturer\"}]},{\"@type\":\"WebSite\",\"@id\":\"https:\\\/\\\/www.emccltd.ca\\\/#website\",\"url\":\"https:\\\/\\\/www.emccltd.ca\\\/\",\"name\":\"Electric Motor Coil Company\",\"description\":\"Built for Winders\",\"publisher\":{\"@id\":\"https:\\\/\\\/www.emccltd.ca\\\/#organization\"},\"potentialAction\":[{\"@type\":\"SearchAction\",\"target\":{\"@type\":\"EntryPoint\",\"urlTemplate\":\"https:\\\/\\\/www.emccltd.ca\\\/?s={search_term_string}\"},\"query-input\":{\"@type\":\"PropertyValueSpecification\",\"valueRequired\":true,\"valueName\":\"search_term_string\"}}],\"inLanguage\":\"de\"},{\"@type\":\"Organization\",\"@id\":\"https:\\\/\\\/www.emccltd.ca\\\/#organization\",\"name\":\"Electric Motor Coil Company\",\"url\":\"https:\\\/\\\/www.emccltd.ca\\\/\",\"logo\":{\"@type\":\"ImageObject\",\"inLanguage\":\"de\",\"@id\":\"https:\\\/\\\/www.emccltd.ca\\\/#\\\/schema\\\/logo\\\/image\\\/\",\"url\":\"https:\\\/\\\/dev.emccltd.ca\\\/wp-content\\\/uploads\\\/2019\\\/10\\\/EMCC_Logo.png\",\"contentUrl\":\"https:\\\/\\\/dev.emccltd.ca\\\/wp-content\\\/uploads\\\/2019\\\/10\\\/EMCC_Logo.png\",\"width\":552,\"height\":267,\"caption\":\"Electric Motor Coil Company\"},\"image\":{\"@id\":\"https:\\\/\\\/www.emccltd.ca\\\/#\\\/schema\\\/logo\\\/image\\\/\"},\"sameAs\":[\"https:\\\/\\\/www.linkedin.com\\\/company\\\/emccltd\"]}]}<\/script>\n<!-- \/ Yoast SEO plugin. -->","yoast_head_json":{"title":"Linear Induction Coil Manufacturer & Supplier | Electric Motor Coil Co","description":"Linear induction Coil Manufacturing. Supplier of Back Wound & Transposed LIM Coils of highest level of quality, with competitive pricing.","robots":{"index":"index","follow":"follow","max-snippet":"max-snippet:-1","max-image-preview":"max-image-preview:large","max-video-preview":"max-video-preview:-1"},"canonical":"https:\/\/www.emccltd.ca\/de\/linear-induction-coil-manufacturer\/","og_locale":"de_DE","og_type":"article","og_title":"Linear Induction Coil Manufacturer & Supplier | Electric Motor Coil Co","og_description":"Linear induction Coil Manufacturing. Supplier of Back Wound & Transposed LIM Coils of highest level of quality, with competitive pricing.","og_url":"https:\/\/www.emccltd.ca\/de\/linear-induction-coil-manufacturer\/","og_site_name":"Electric Motor Coil Company","article_modified_time":"2021-09-14T17:21:09+00:00","og_image":[{"url":"https:\/\/www.emccltd.ca\/wp-content\/uploads\/2019\/11\/LIM-Coils-.png","type":"","width":"","height":""}],"twitter_card":"summary_large_image","twitter_misc":{"Gesch\u00e4tzte Lesezeit":"1\u00a0Minute"},"schema":{"@context":"https:\/\/schema.org","@graph":[{"@type":"WebPage","@id":"https:\/\/www.emccltd.ca\/linear-induction-coil-manufacturer\/","url":"https:\/\/www.emccltd.ca\/linear-induction-coil-manufacturer\/","name":"Linear Induction Coil Manufacturer & Supplier | Electric Motor Coil Co","isPartOf":{"@id":"https:\/\/www.emccltd.ca\/#website"},"primaryImageOfPage":{"@id":"https:\/\/www.emccltd.ca\/linear-induction-coil-manufacturer\/#primaryimage"},"image":{"@id":"https:\/\/www.emccltd.ca\/linear-induction-coil-manufacturer\/#primaryimage"},"thumbnailUrl":"https:\/\/www.emccltd.ca\/wp-content\/uploads\/2019\/11\/LIM-Coils-.png","datePublished":"2019-10-01T14:38:23+00:00","dateModified":"2021-09-14T17:21:09+00:00","description":"Linear induction Coil Manufacturing. Supplier of Back Wound & Transposed LIM Coils of highest level of quality, with competitive pricing.","breadcrumb":{"@id":"https:\/\/www.emccltd.ca\/linear-induction-coil-manufacturer\/#breadcrumb"},"inLanguage":"de","potentialAction":[{"@type":"ReadAction","target":["https:\/\/www.emccltd.ca\/linear-induction-coil-manufacturer\/"]}]},{"@type":"ImageObject","inLanguage":"de","@id":"https:\/\/www.emccltd.ca\/linear-induction-coil-manufacturer\/#primaryimage","url":"https:\/\/www.emccltd.ca\/wp-content\/uploads\/2019\/11\/LIM-Coils-.png","contentUrl":"https:\/\/www.emccltd.ca\/wp-content\/uploads\/2019\/11\/LIM-Coils-.png"},{"@type":"BreadcrumbList","@id":"https:\/\/www.emccltd.ca\/linear-induction-coil-manufacturer\/#breadcrumb","itemListElement":[{"@type":"ListItem","position":1,"name":"Home","item":"https:\/\/www.emccltd.ca\/"},{"@type":"ListItem","position":2,"name":"Linear Induction Coil Manufacturer"}]},{"@type":"WebSite","@id":"https:\/\/www.emccltd.ca\/#website","url":"https:\/\/www.emccltd.ca\/","name":"Electric Motor Coil Company","description":"Built for Winders","publisher":{"@id":"https:\/\/www.emccltd.ca\/#organization"},"potentialAction":[{"@type":"SearchAction","target":{"@type":"EntryPoint","urlTemplate":"https:\/\/www.emccltd.ca\/?s={search_term_string}"},"query-input":{"@type":"PropertyValueSpecification","valueRequired":true,"valueName":"search_term_string"}}],"inLanguage":"de"},{"@type":"Organization","@id":"https:\/\/www.emccltd.ca\/#organization","name":"Electric Motor Coil Company","url":"https:\/\/www.emccltd.ca\/","logo":{"@type":"ImageObject","inLanguage":"de","@id":"https:\/\/www.emccltd.ca\/#\/schema\/logo\/image\/","url":"https:\/\/dev.emccltd.ca\/wp-content\/uploads\/2019\/10\/EMCC_Logo.png","contentUrl":"https:\/\/dev.emccltd.ca\/wp-content\/uploads\/2019\/10\/EMCC_Logo.png","width":552,"height":267,"caption":"Electric Motor Coil Company"},"image":{"@id":"https:\/\/www.emccltd.ca\/#\/schema\/logo\/image\/"},"sameAs":["https:\/\/www.linkedin.com\/company\/emccltd"]}]}},"_links":{"self":[{"href":"https:\/\/www.emccltd.ca\/de\/wp-json\/wp\/v2\/pages\/6503","targetHints":{"allow":["GET"]}}],"collection":[{"href":"https:\/\/www.emccltd.ca\/de\/wp-json\/wp\/v2\/pages"}],"about":[{"href":"https:\/\/www.emccltd.ca\/de\/wp-json\/wp\/v2\/types\/page"}],"author":[{"embeddable":true,"href":"https:\/\/www.emccltd.ca\/de\/wp-json\/wp\/v2\/users\/1"}],"replies":[{"embeddable":true,"href":"https:\/\/www.emccltd.ca\/de\/wp-json\/wp\/v2\/comments?post=6503"}],"version-history":[{"count":0,"href":"https:\/\/www.emccltd.ca\/de\/wp-json\/wp\/v2\/pages\/6503\/revisions"}],"wp:attachment":[{"href":"https:\/\/www.emccltd.ca\/de\/wp-json\/wp\/v2\/media?parent=6503"}],"curies":[{"name":"wp","href":"https:\/\/api.w.org\/{rel}","templated":true}]}}