{"id":4109,"date":"2017-08-15T18:41:20","date_gmt":"2017-08-15T18:41:20","guid":{"rendered":"https:\/\/www.emccltd.ca\/?page_id=4109"},"modified":"2021-09-14T12:49:35","modified_gmt":"2021-09-14T16:49:35","slug":"rotor-pole-coil-manufacturing","status":"publish","type":"page","link":"https:\/\/www.emccltd.ca\/es\/rotor-pole-coil-manufacturing\/","title":{"rendered":"Fabricante de bobinas interpolares, de rotor y de campo"},"content":{"rendered":"<div data-elementor-type=\"wp-page\" data-elementor-id=\"4109\" class=\"elementor elementor-4109\" data-elementor-post-type=\"page\">\n\t\t\t\t\t\t<section class=\"elementor-section elementor-top-section elementor-element elementor-element-20b3773f elementor-section-full_width elementor-section-height-default elementor-section-height-default\" data-id=\"20b3773f\" data-element_type=\"section\">\n\t\t\t\t\t\t<div class=\"elementor-container elementor-column-gap-no\">\n\t\t\t\t\t<div class=\"elementor-column elementor-col-100 elementor-top-column elementor-element elementor-element-52024d26\" data-id=\"52024d26\" data-element_type=\"column\">\n\t\t\t<div class=\"elementor-widget-wrap elementor-element-populated\">\n\t\t\t\t\t\t<div class=\"elementor-element elementor-element-26416840 elementor--h-position-center elementor--v-position-middle elementor-arrows-position-inside elementor-pagination-position-inside elementor-widget elementor-widget-slides\" data-id=\"26416840\" data-element_type=\"widget\" data-settings=\"{&quot;navigation&quot;:&quot;both&quot;,&quot;autoplay&quot;:&quot;yes&quot;,&quot;pause_on_hover&quot;:&quot;yes&quot;,&quot;pause_on_interaction&quot;:&quot;yes&quot;,&quot;autoplay_speed&quot;:5000,&quot;infinite&quot;:&quot;yes&quot;,&quot;transition&quot;:&quot;slide&quot;,&quot;transition_speed&quot;:500}\" data-widget_type=\"slides.default\">\n\t\t\t\t<div class=\"elementor-widget-container\">\n\t\t\t\t\t\t\t\t\t<div class=\"elementor-swiper\">\n\t\t\t\t\t<div class=\"elementor-slides-wrapper elementor-main-swiper swiper\" role=\"region\" aria-roledescription=\"carousel\" aria-label=\"Slides\" dir=\"ltr\" data-animation=\"fadeInUp\">\n\t\t\t\t<div class=\"swiper-wrapper elementor-slides\">\n\t\t\t\t\t\t\t\t\t\t<div class=\"elementor-repeater-item-d82fcd0 swiper-slide\" role=\"group\" aria-roledescription=\"slide\"><div class=\"swiper-slide-bg\" role=\"img\"><\/div><div class=\"elementor-background-overlay\"><\/div><div class=\"swiper-slide-inner\" ><div class=\"swiper-slide-contents\"><\/div><\/div><\/div>\t\t\t\t<\/div>\n\t\t\t\t\t\t\t<\/div>\n\t\t\t\t<\/div>\n\t\t\t\t\t\t\t\t<\/div>\n\t\t\t\t<\/div>\n\t\t\t\t\t<\/div>\n\t\t<\/div>\n\t\t\t\t\t<\/div>\n\t\t<\/section>\n\t\t\t\t<section class=\"elementor-section elementor-top-section elementor-element elementor-element-730fc55a elementor-section-boxed elementor-section-height-default elementor-section-height-default\" data-id=\"730fc55a\" data-element_type=\"section\" data-settings=\"{&quot;background_background&quot;:&quot;classic&quot;}\">\n\t\t\t\t\t\t<div class=\"elementor-container elementor-column-gap-default\">\n\t\t\t\t\t<div class=\"elementor-column elementor-col-100 elementor-top-column elementor-element elementor-element-572f7773\" data-id=\"572f7773\" data-element_type=\"column\">\n\t\t\t<div class=\"elementor-widget-wrap elementor-element-populated\">\n\t\t\t\t\t\t<div class=\"elementor-element elementor-element-5553b4b7 elementor-widget elementor-widget-breadcrumbs\" data-id=\"5553b4b7\" data-element_type=\"widget\" data-widget_type=\"breadcrumbs.default\">\n\t\t\t\t<div class=\"elementor-widget-container\">\n\t\t\t\t\t<p id=\"breadcrumbs\"><span><span><a href=\"https:\/\/www.emccltd.ca\/es\/\">Inicio<\/a><\/span><\/span><\/p>\t\t\t\t<\/div>\n\t\t\t\t<\/div>\n\t\t\t\t\t<\/div>\n\t\t<\/div>\n\t\t\t\t\t<\/div>\n\t\t<\/section>\n\t\t\t\t<section class=\"elementor-section elementor-top-section elementor-element elementor-element-383a8ba4 elementor-section-boxed elementor-section-height-default elementor-section-height-default\" data-id=\"383a8ba4\" data-element_type=\"section\">\n\t\t\t\t\t\t<div class=\"elementor-container elementor-column-gap-default\">\n\t\t\t\t\t<div class=\"elementor-column elementor-col-50 elementor-top-column elementor-element elementor-element-2689ea19\" data-id=\"2689ea19\" data-element_type=\"column\">\n\t\t\t<div class=\"elementor-widget-wrap elementor-element-populated\">\n\t\t\t\t\t\t<div class=\"elementor-element elementor-element-3fdf3061 elementor-widget elementor-widget-heading\" data-id=\"3fdf3061\" data-element_type=\"widget\" data-widget_type=\"heading.default\">\n\t\t\t\t<div class=\"elementor-widget-container\">\n\t\t\t\t\t<h3 class=\"elementor-heading-title elementor-size-default\">Construido para Bobinadores  \u2122<\/h3>\t\t\t\t<\/div>\n\t\t\t\t<\/div>\n\t\t\t\t<div class=\"elementor-element elementor-element-2d5c073 elementor-widget elementor-widget-heading\" data-id=\"2d5c073\" data-element_type=\"widget\" data-widget_type=\"heading.default\">\n\t\t\t\t<div class=\"elementor-widget-container\">\n\t\t\t\t\t<h1 class=\"elementor-heading-title elementor-size-default\">Bobinas de campo, interpolares, polos salientes y polos de rotor<\/h1>\t\t\t\t<\/div>\n\t\t\t\t<\/div>\n\t\t\t\t<div class=\"elementor-element elementor-element-367de88b elementor-widget elementor-widget-text-editor\" data-id=\"367de88b\" data-element_type=\"widget\" data-widget_type=\"text-editor.default\">\n\t\t\t\t<div class=\"elementor-widget-container\">\n\t\t\t\t\t\t\t\t\t<p>Las bobinas rotatorias son componentes cr\u00edticos para las industrias de generaci\u00f3n de energ\u00eda. EMCC tiene amplias capacidades en la reparaci\u00f3n de fabricaci\u00f3n y reconstrucci\u00f3n de bobinas de rotor, interpolares y de campo. Tenemos experiencia en la reparaci\u00f3n de juegos de bobinas de varios tama\u00f1os y tipos; de numerosos fabricantes.<\/p><p>EMCC puede fabricar bobinas de polos de rotor de gran volumen para generadores de inducci\u00f3n, desde cobre en bruto hasta el producto final. Nuestra maquinaria automatizada nos permite fabricar bobinas de polos de rotor de manera r\u00e1pida y eficiente; cumpliendo con todos los requisitos de costo, calidad y entrega de OEM.<\/p>\t\t\t\t\t\t\t\t<\/div>\n\t\t\t\t<\/div>\n\t\t\t\t<div class=\"elementor-element elementor-element-4dcfd755 elementor-widget elementor-widget-text-editor\" data-id=\"4dcfd755\" data-element_type=\"widget\" data-widget_type=\"text-editor.default\">\n\t\t\t\t<div class=\"elementor-widget-container\">\n\t\t\t\t\t\t\t\t\t<p>The Electric Motor Coil Company cuenta con las gr\u00faas y la maquinaria de tracci\u00f3n \/ bucle automatizada necesaria para fabricar conjuntos de bobinas de rotor, de polos salientes, interpolares y de campo grandes.<\/p><p>Nuestro proceso de control de calidad asegura la compresi\u00f3n y asegura que cada bobina sea perfecta y completamente curada bajo presi\u00f3n. Construimos encofrados de acero, en lugar de encofrados de madera contrachapada para asegurar medidas exactas y que cada bobina sea igual.\u00a0<\/p>\t\t\t\t\t\t\t\t<\/div>\n\t\t\t\t<\/div>\n\t\t\t\t<div class=\"elementor-element elementor-element-01afe6e elementor-widget elementor-widget-heading\" data-id=\"01afe6e\" data-element_type=\"widget\" data-widget_type=\"heading.default\">\n\t\t\t\t<div class=\"elementor-widget-container\">\n\t\t\t\t\t<h1 class=\"elementor-heading-title elementor-size-default\">Capacidades<br><\/h1>\t\t\t\t<\/div>\n\t\t\t\t<\/div>\n\t\t\t\t<div class=\"elementor-element elementor-element-5fd301e elementor-widget elementor-widget-text-editor\" data-id=\"5fd301e\" data-element_type=\"widget\" data-widget_type=\"text-editor.default\">\n\t\t\t\t<div class=\"elementor-widget-container\">\n\t\t\t\t\t\t\t\t\t<ul><li>Bobinas de rotor para generadores de inducci\u00f3n<\/li><li>Bobinas de Campo de herida de derivacion<\/li><li>Series de bobinas de Campo<\/li><li>Bobinas Interpole<\/li><li>Empujar a traves de bobinas de rotor<\/li><li>Bobinas de rotor de dos vueltas<\/li><li>Reconstruir bobinas de borde enrollado<br \/>Polos salientes<\/li><li>Reacondicione las bobinas de borde enrollado para una vida \u00fatil prolongada<\/li><\/ul>\t\t\t\t\t\t\t\t<\/div>\n\t\t\t\t<\/div>\n\t\t\t\t\t<\/div>\n\t\t<\/div>\n\t\t\t\t<div class=\"elementor-column elementor-col-50 elementor-top-column elementor-element elementor-element-58630b2d\" data-id=\"58630b2d\" data-element_type=\"column\">\n\t\t\t<div class=\"elementor-widget-wrap elementor-element-populated\">\n\t\t\t\t\t\t<div class=\"elementor-element elementor-element-be4a0d4 elementor-widget elementor-widget-image\" data-id=\"be4a0d4\" data-element_type=\"widget\" data-widget_type=\"image.default\">\n\t\t\t\t<div class=\"elementor-widget-container\">\n\t\t\t\t\t\t\t\t\t\t\t\t\t\t\t<img fetchpriority=\"high\" decoding=\"async\" width=\"768\" height=\"1024\" src=\"https:\/\/www.emccltd.ca\/wp-content\/uploads\/2021\/06\/rotor-pole-coils-for-induction-generator-768x1024.jpg\" class=\"attachment-large size-large wp-image-14649\" alt=\"\" \/>\t\t\t\t\t\t\t\t\t\t\t\t\t\t\t<\/div>\n\t\t\t\t<\/div>\n\t\t\t\t<div class=\"elementor-element elementor-element-78eb507 elementor-widget elementor-widget-image\" data-id=\"78eb507\" data-element_type=\"widget\" data-widget_type=\"image.default\">\n\t\t\t\t<div class=\"elementor-widget-container\">\n\t\t\t\t\t\t\t\t\t\t\t\t\t\t\t<img decoding=\"async\" width=\"576\" height=\"368\" src=\"https:\/\/www.emccltd.ca\/wp-content\/uploads\/2021\/06\/formcoils22-e1622662371213.jpg\" class=\"attachment-large size-large wp-image-14609\" alt=\"field coil repair and rebuild\" srcset=\"https:\/\/www.emccltd.ca\/wp-content\/uploads\/2021\/06\/formcoils22-e1622662371213.jpg 576w, https:\/\/www.emccltd.ca\/wp-content\/uploads\/2021\/06\/formcoils22-e1622662371213-300x192.jpg 300w, https:\/\/www.emccltd.ca\/wp-content\/uploads\/2021\/06\/formcoils22-e1622662371213-16x10.jpg 16w\" sizes=\"(max-width: 576px) 100vw, 576px\" \/>\t\t\t\t\t\t\t\t\t\t\t\t\t\t\t<\/div>\n\t\t\t\t<\/div>\n\t\t\t\t\t<\/div>\n\t\t<\/div>\n\t\t\t\t\t<\/div>\n\t\t<\/section>\n\t\t\t\t<section class=\"elementor-section elementor-top-section elementor-element elementor-element-1d3b9fb elementor-section-boxed elementor-section-height-default elementor-section-height-default\" data-id=\"1d3b9fb\" data-element_type=\"section\" data-settings=\"{&quot;background_background&quot;:&quot;classic&quot;}\">\n\t\t\t\t\t\t<div class=\"elementor-container elementor-column-gap-default\">\n\t\t\t\t\t<div class=\"elementor-column elementor-col-33 elementor-top-column elementor-element elementor-element-81c2289\" data-id=\"81c2289\" data-element_type=\"column\">\n\t\t\t<div class=\"elementor-widget-wrap elementor-element-populated\">\n\t\t\t\t\t\t<div class=\"elementor-element elementor-element-82e9f88 elementor-widget elementor-widget-image\" data-id=\"82e9f88\" data-element_type=\"widget\" data-widget_type=\"image.default\">\n\t\t\t\t<div class=\"elementor-widget-container\">\n\t\t\t\t\t\t\t\t\t\t\t\t\t\t\t<img decoding=\"async\" src=\"https:\/\/www.emccltd.ca\/wp-content\/uploads\/2021\/05\/Field-Coil-manufacturing-repair-and-suppluy.png\" title=\"Reparaci\u00f3n y suministro de fabricaci\u00f3n de bobinas de campo\" alt=\"bobina de campo, fabricaci\u00f3n de bobinas de rotor\" loading=\"lazy\" \/>\t\t\t\t\t\t\t\t\t\t\t\t\t\t\t<\/div>\n\t\t\t\t<\/div>\n\t\t\t\t\t<\/div>\n\t\t<\/div>\n\t\t\t\t<div class=\"elementor-column elementor-col-33 elementor-top-column elementor-element elementor-element-c72413b\" data-id=\"c72413b\" data-element_type=\"column\">\n\t\t\t<div class=\"elementor-widget-wrap elementor-element-populated\">\n\t\t\t\t\t\t<div class=\"elementor-element elementor-element-7d72be7 elementor-widget elementor-widget-image\" data-id=\"7d72be7\" data-element_type=\"widget\" data-widget_type=\"image.default\">\n\t\t\t\t<div class=\"elementor-widget-container\">\n\t\t\t\t\t\t\t\t\t\t\t\t\t\t\t<img decoding=\"async\" width=\"1024\" height=\"697\" src=\"https:\/\/www.emccltd.ca\/wp-content\/uploads\/2019\/10\/POLE-1024x697.png\" class=\"attachment-large size-large wp-image-6557\" alt=\"Fabricante de bobinas Fied - Dibujo CAD autom\u00e1tico\" srcset=\"https:\/\/www.emccltd.ca\/wp-content\/uploads\/2019\/10\/POLE-1024x697.png 1024w, https:\/\/www.emccltd.ca\/wp-content\/uploads\/2019\/10\/POLE-300x204.png 300w, https:\/\/www.emccltd.ca\/wp-content\/uploads\/2019\/10\/POLE-768x523.png 768w, https:\/\/www.emccltd.ca\/wp-content\/uploads\/2019\/10\/POLE.png 1040w\" sizes=\"(max-width: 1024px) 100vw, 1024px\" \/>\t\t\t\t\t\t\t\t\t\t\t\t\t\t\t<\/div>\n\t\t\t\t<\/div>\n\t\t\t\t\t<\/div>\n\t\t<\/div>\n\t\t\t\t<div class=\"elementor-column elementor-col-33 elementor-top-column elementor-element elementor-element-d547245\" data-id=\"d547245\" data-element_type=\"column\">\n\t\t\t<div class=\"elementor-widget-wrap elementor-element-populated\">\n\t\t\t\t\t\t<div class=\"elementor-element elementor-element-96185e4 elementor-widget elementor-widget-image\" data-id=\"96185e4\" data-element_type=\"widget\" data-widget_type=\"image.default\">\n\t\t\t\t<div class=\"elementor-widget-container\">\n\t\t\t\t\t\t\t\t\t\t\t\t\t\t\t<img loading=\"lazy\" decoding=\"async\" width=\"1024\" height=\"683\" src=\"https:\/\/www.emccltd.ca\/wp-content\/uploads\/2017\/09\/IMG_5997-1024x683.jpg\" class=\"attachment-large size-large wp-image-4727\" alt=\"M\u00e1quina bobinadora de bobina de campo\" srcset=\"https:\/\/www.emccltd.ca\/wp-content\/uploads\/2017\/09\/IMG_5997-1024x683.jpg 1024w, https:\/\/www.emccltd.ca\/wp-content\/uploads\/2017\/09\/IMG_5997-300x200.jpg 300w, https:\/\/www.emccltd.ca\/wp-content\/uploads\/2017\/09\/IMG_5997-768x512.jpg 768w\" sizes=\"(max-width: 1024px) 100vw, 1024px\" \/>\t\t\t\t\t\t\t\t\t\t\t\t\t\t\t<\/div>\n\t\t\t\t<\/div>\n\t\t\t\t\t<\/div>\n\t\t<\/div>\n\t\t\t\t\t<\/div>\n\t\t<\/section>\n\t\t\t\t<\/div>","protected":false},"excerpt":{"rendered":"<p>Built For Winders \u2122 Field, Interpole, Salient Pole &amp; Rotor Pole Coils Rotor Pole Coils are critical components to power generation industries. EMCC has extensive capabilities in the manufacturing repair, and rebuilding of field, interpole and Rotor Coils. We have experience repairing coil sets of various sizes and types; from numerous manufacturers. EMCC can manufacture&hellip;<\/p>","protected":false},"author":1,"featured_media":0,"parent":0,"menu_order":4,"comment_status":"closed","ping_status":"closed","template":"","meta":{"footnotes":""},"class_list":["post-4109","page","type-page","status-publish","hentry"],"yoast_head":"<!-- This site is optimized with the Yoast SEO plugin v27.4 - https:\/\/yoast.com\/product\/yoast-seo-wordpress\/ -->\n<title>Field, Rotor Pole Coil Manufacturer &amp; Supply - Electric Motor Coil Company<\/title>\n<meta name=\"description\" content=\"Manufacturing Rotor Pole Coils for Induction Generators - Rebuild and repair of Field, Interpole, Salient Pole &amp; Edge Wound Coils \/ Windings\" \/>\n<meta name=\"robots\" content=\"index, follow, max-snippet:-1, max-image-preview:large, max-video-preview:-1\" \/>\n<link rel=\"canonical\" href=\"https:\/\/www.emccltd.ca\/es\/rotor-pole-coil-manufacturing\/\" \/>\n<meta property=\"og:locale\" content=\"es_MX\" \/>\n<meta property=\"og:type\" content=\"article\" \/>\n<meta property=\"og:title\" content=\"Field, Rotor Pole Coil Manufacturer &amp; Supply - Electric Motor Coil Company\" \/>\n<meta property=\"og:description\" content=\"Manufacturing Rotor Pole Coils for Induction Generators - Rebuild and repair of Field, Interpole, Salient Pole &amp; Edge Wound Coils \/ Windings\" \/>\n<meta property=\"og:url\" content=\"https:\/\/www.emccltd.ca\/es\/rotor-pole-coil-manufacturing\/\" \/>\n<meta property=\"og:site_name\" content=\"Electric Motor Coil Company\" \/>\n<meta property=\"article:modified_time\" content=\"2021-09-14T16:49:35+00:00\" \/>\n<meta property=\"og:image\" content=\"https:\/\/www.emccltd.ca\/wp-content\/uploads\/2021\/06\/rotor-pole-coils-for-induction-generator-768x1024.jpg\" \/>\n<meta name=\"twitter:card\" content=\"summary_large_image\" \/>\n<meta name=\"twitter:label1\" content=\"Tiempo de lectura\" \/>\n\t<meta name=\"twitter:data1\" content=\"2 minutos\" \/>\n<script type=\"application\/ld+json\" class=\"yoast-schema-graph\">{\"@context\":\"https:\\\/\\\/schema.org\",\"@graph\":[{\"@type\":\"WebPage\",\"@id\":\"https:\\\/\\\/www.emccltd.ca\\\/rotor-pole-coil-manufacturing\\\/\",\"url\":\"https:\\\/\\\/www.emccltd.ca\\\/rotor-pole-coil-manufacturing\\\/\",\"name\":\"Field, Rotor Pole Coil Manufacturer & Supply - Electric Motor Coil Company\",\"isPartOf\":{\"@id\":\"https:\\\/\\\/www.emccltd.ca\\\/#website\"},\"primaryImageOfPage\":{\"@id\":\"https:\\\/\\\/www.emccltd.ca\\\/rotor-pole-coil-manufacturing\\\/#primaryimage\"},\"image\":{\"@id\":\"https:\\\/\\\/www.emccltd.ca\\\/rotor-pole-coil-manufacturing\\\/#primaryimage\"},\"thumbnailUrl\":\"https:\\\/\\\/www.emccltd.ca\\\/wp-content\\\/uploads\\\/2021\\\/06\\\/rotor-pole-coils-for-induction-generator-768x1024.jpg\",\"datePublished\":\"2017-08-15T18:41:20+00:00\",\"dateModified\":\"2021-09-14T16:49:35+00:00\",\"description\":\"Manufacturing Rotor Pole Coils for Induction Generators - Rebuild and repair of Field, Interpole, Salient Pole & Edge Wound Coils \\\/ Windings\",\"breadcrumb\":{\"@id\":\"https:\\\/\\\/www.emccltd.ca\\\/rotor-pole-coil-manufacturing\\\/#breadcrumb\"},\"inLanguage\":\"es\",\"potentialAction\":[{\"@type\":\"ReadAction\",\"target\":[\"https:\\\/\\\/www.emccltd.ca\\\/rotor-pole-coil-manufacturing\\\/\"]}]},{\"@type\":\"ImageObject\",\"inLanguage\":\"es\",\"@id\":\"https:\\\/\\\/www.emccltd.ca\\\/rotor-pole-coil-manufacturing\\\/#primaryimage\",\"url\":\"https:\\\/\\\/www.emccltd.ca\\\/wp-content\\\/uploads\\\/2021\\\/06\\\/rotor-pole-coils-for-induction-generator-768x1024.jpg\",\"contentUrl\":\"https:\\\/\\\/www.emccltd.ca\\\/wp-content\\\/uploads\\\/2021\\\/06\\\/rotor-pole-coils-for-induction-generator-768x1024.jpg\"},{\"@type\":\"BreadcrumbList\",\"@id\":\"https:\\\/\\\/www.emccltd.ca\\\/rotor-pole-coil-manufacturing\\\/#breadcrumb\",\"itemListElement\":[{\"@type\":\"ListItem\",\"position\":1,\"name\":\"Home\",\"item\":\"https:\\\/\\\/www.emccltd.ca\\\/\"},{\"@type\":\"ListItem\",\"position\":2,\"name\":\"Field, Rotor &#038; Interpole Coil Manufacturer\"}]},{\"@type\":\"WebSite\",\"@id\":\"https:\\\/\\\/www.emccltd.ca\\\/#website\",\"url\":\"https:\\\/\\\/www.emccltd.ca\\\/\",\"name\":\"Electric Motor Coil Company\",\"description\":\"Built for Winders\",\"publisher\":{\"@id\":\"https:\\\/\\\/www.emccltd.ca\\\/#organization\"},\"potentialAction\":[{\"@type\":\"SearchAction\",\"target\":{\"@type\":\"EntryPoint\",\"urlTemplate\":\"https:\\\/\\\/www.emccltd.ca\\\/?s={search_term_string}\"},\"query-input\":{\"@type\":\"PropertyValueSpecification\",\"valueRequired\":true,\"valueName\":\"search_term_string\"}}],\"inLanguage\":\"es\"},{\"@type\":\"Organization\",\"@id\":\"https:\\\/\\\/www.emccltd.ca\\\/#organization\",\"name\":\"Electric Motor Coil Company\",\"url\":\"https:\\\/\\\/www.emccltd.ca\\\/\",\"logo\":{\"@type\":\"ImageObject\",\"inLanguage\":\"es\",\"@id\":\"https:\\\/\\\/www.emccltd.ca\\\/#\\\/schema\\\/logo\\\/image\\\/\",\"url\":\"https:\\\/\\\/dev.emccltd.ca\\\/wp-content\\\/uploads\\\/2019\\\/10\\\/EMCC_Logo.png\",\"contentUrl\":\"https:\\\/\\\/dev.emccltd.ca\\\/wp-content\\\/uploads\\\/2019\\\/10\\\/EMCC_Logo.png\",\"width\":552,\"height\":267,\"caption\":\"Electric Motor Coil Company\"},\"image\":{\"@id\":\"https:\\\/\\\/www.emccltd.ca\\\/#\\\/schema\\\/logo\\\/image\\\/\"},\"sameAs\":[\"https:\\\/\\\/www.linkedin.com\\\/company\\\/emccltd\"]}]}<\/script>\n<!-- \/ Yoast SEO plugin. -->","yoast_head_json":{"title":"Field, Rotor Pole Coil Manufacturer & Supply - Electric Motor Coil Company","description":"Manufacturing Rotor Pole Coils for Induction Generators - Rebuild and repair of Field, Interpole, Salient Pole & Edge Wound Coils \/ Windings","robots":{"index":"index","follow":"follow","max-snippet":"max-snippet:-1","max-image-preview":"max-image-preview:large","max-video-preview":"max-video-preview:-1"},"canonical":"https:\/\/www.emccltd.ca\/es\/rotor-pole-coil-manufacturing\/","og_locale":"es_MX","og_type":"article","og_title":"Field, Rotor Pole Coil Manufacturer & Supply - Electric Motor Coil Company","og_description":"Manufacturing Rotor Pole Coils for Induction Generators - Rebuild and repair of Field, Interpole, Salient Pole & Edge Wound Coils \/ Windings","og_url":"https:\/\/www.emccltd.ca\/es\/rotor-pole-coil-manufacturing\/","og_site_name":"Electric Motor Coil Company","article_modified_time":"2021-09-14T16:49:35+00:00","og_image":[{"url":"https:\/\/www.emccltd.ca\/wp-content\/uploads\/2021\/06\/rotor-pole-coils-for-induction-generator-768x1024.jpg","type":"","width":"","height":""}],"twitter_card":"summary_large_image","twitter_misc":{"Tiempo de lectura":"2 minutos"},"schema":{"@context":"https:\/\/schema.org","@graph":[{"@type":"WebPage","@id":"https:\/\/www.emccltd.ca\/rotor-pole-coil-manufacturing\/","url":"https:\/\/www.emccltd.ca\/rotor-pole-coil-manufacturing\/","name":"Field, Rotor Pole Coil Manufacturer & Supply - Electric Motor Coil Company","isPartOf":{"@id":"https:\/\/www.emccltd.ca\/#website"},"primaryImageOfPage":{"@id":"https:\/\/www.emccltd.ca\/rotor-pole-coil-manufacturing\/#primaryimage"},"image":{"@id":"https:\/\/www.emccltd.ca\/rotor-pole-coil-manufacturing\/#primaryimage"},"thumbnailUrl":"https:\/\/www.emccltd.ca\/wp-content\/uploads\/2021\/06\/rotor-pole-coils-for-induction-generator-768x1024.jpg","datePublished":"2017-08-15T18:41:20+00:00","dateModified":"2021-09-14T16:49:35+00:00","description":"Manufacturing Rotor Pole Coils for Induction Generators - Rebuild and repair of Field, Interpole, Salient Pole & Edge Wound Coils \/ Windings","breadcrumb":{"@id":"https:\/\/www.emccltd.ca\/rotor-pole-coil-manufacturing\/#breadcrumb"},"inLanguage":"es","potentialAction":[{"@type":"ReadAction","target":["https:\/\/www.emccltd.ca\/rotor-pole-coil-manufacturing\/"]}]},{"@type":"ImageObject","inLanguage":"es","@id":"https:\/\/www.emccltd.ca\/rotor-pole-coil-manufacturing\/#primaryimage","url":"https:\/\/www.emccltd.ca\/wp-content\/uploads\/2021\/06\/rotor-pole-coils-for-induction-generator-768x1024.jpg","contentUrl":"https:\/\/www.emccltd.ca\/wp-content\/uploads\/2021\/06\/rotor-pole-coils-for-induction-generator-768x1024.jpg"},{"@type":"BreadcrumbList","@id":"https:\/\/www.emccltd.ca\/rotor-pole-coil-manufacturing\/#breadcrumb","itemListElement":[{"@type":"ListItem","position":1,"name":"Home","item":"https:\/\/www.emccltd.ca\/"},{"@type":"ListItem","position":2,"name":"Field, Rotor &#038; Interpole Coil Manufacturer"}]},{"@type":"WebSite","@id":"https:\/\/www.emccltd.ca\/#website","url":"https:\/\/www.emccltd.ca\/","name":"Electric Motor Coil Company","description":"Built for Winders","publisher":{"@id":"https:\/\/www.emccltd.ca\/#organization"},"potentialAction":[{"@type":"SearchAction","target":{"@type":"EntryPoint","urlTemplate":"https:\/\/www.emccltd.ca\/?s={search_term_string}"},"query-input":{"@type":"PropertyValueSpecification","valueRequired":true,"valueName":"search_term_string"}}],"inLanguage":"es"},{"@type":"Organization","@id":"https:\/\/www.emccltd.ca\/#organization","name":"Electric Motor Coil Company","url":"https:\/\/www.emccltd.ca\/","logo":{"@type":"ImageObject","inLanguage":"es","@id":"https:\/\/www.emccltd.ca\/#\/schema\/logo\/image\/","url":"https:\/\/dev.emccltd.ca\/wp-content\/uploads\/2019\/10\/EMCC_Logo.png","contentUrl":"https:\/\/dev.emccltd.ca\/wp-content\/uploads\/2019\/10\/EMCC_Logo.png","width":552,"height":267,"caption":"Electric Motor Coil Company"},"image":{"@id":"https:\/\/www.emccltd.ca\/#\/schema\/logo\/image\/"},"sameAs":["https:\/\/www.linkedin.com\/company\/emccltd"]}]}},"_links":{"self":[{"href":"https:\/\/www.emccltd.ca\/es\/wp-json\/wp\/v2\/pages\/4109","targetHints":{"allow":["GET"]}}],"collection":[{"href":"https:\/\/www.emccltd.ca\/es\/wp-json\/wp\/v2\/pages"}],"about":[{"href":"https:\/\/www.emccltd.ca\/es\/wp-json\/wp\/v2\/types\/page"}],"author":[{"embeddable":true,"href":"https:\/\/www.emccltd.ca\/es\/wp-json\/wp\/v2\/users\/1"}],"replies":[{"embeddable":true,"href":"https:\/\/www.emccltd.ca\/es\/wp-json\/wp\/v2\/comments?post=4109"}],"version-history":[{"count":0,"href":"https:\/\/www.emccltd.ca\/es\/wp-json\/wp\/v2\/pages\/4109\/revisions"}],"wp:attachment":[{"href":"https:\/\/www.emccltd.ca\/es\/wp-json\/wp\/v2\/media?parent=4109"}],"curies":[{"name":"wp","href":"https:\/\/api.w.org\/{rel}","templated":true}]}}